{"id":330,"date":"2012-05-01T18:29:06","date_gmt":"2012-05-01T15:29:06","guid":{"rendered":"http:\/\/velesgroup.kiev.ua\/?page_id=330"},"modified":"2012-05-14T20:52:56","modified_gmt":"2012-05-14T17:52:56","slug":"%d1%81%d0%b8%d1%81%d1%82%d0%b5%d0%bc%d0%b0-%d0%b2%d0%bf%d1%80%d1%8b%d1%81%d0%ba%d0%b0-%d1%82%d0%be%d0%bf%d0%bb%d0%b8%d0%b2%d0%b0","status":"publish","type":"page","link":"https:\/\/velesgroup.kiev.ua\/?page_id=330&amp;lang=ru","title":{"rendered":"\u0421\u0438\u0441\u0442\u0435\u043c\u0430 \u0432\u043f\u0440\u044b\u0441\u043a\u0430 \u0442\u043e\u043f\u043b\u0438\u0432\u0430 WOODWARD"},"content":{"rendered":"<p><strong>\u0424\u043e\u0440\u0441\u0443\u043d\u043a\u0438<\/strong><\/p>\n<p><img loading=\"lazy\" src=\"http:\/\/rtd-universal.com\/uploads\/1319462836_toplivnye-forsunki.jpg\" alt=\"\" width=\"129\" height=\"120\" \/><\/p>\n<p><strong>\u0422\u043e\u043f\u043b\u0438\u0432\u043d\u044b\u0435 \u043d\u0430\u0441\u043e\u0441\u044b \u0432\u044b\u0441\u043e\u043a\u043e\u0433\u043e \u0434\u0430\u0432\u043b\u0435\u043d\u0438\u044f (\u0422\u041d\u0412\u0414)<\/strong><strong>\u00a0<\/strong><\/p>\n<p><strong><img loading=\"lazy\" src=\"http:\/\/rtd-universal.com\/uploads\/1319462873_tnvd.jpg\" alt=\"\" width=\"96\" height=\"144\" \/><\/strong><strong><img loading=\"lazy\" src=\"http:\/\/rtd-universal.com\/uploads\/1319463523_nasos-gidravlicheskiy.jpg\" alt=\"\" width=\"180\" height=\"165\" \/><\/strong><\/p>\n<p><strong>\u041a\u043e\u043c\u043f\u0430\u043d\u0438\u044f Woodward \u044f\u0432\u043b\u044f\u0435\u0442\u0441\u044f \u043e\u0441\u043d\u043e\u0432\u043d\u044b\u043c \u043f\u043e\u0441\u0442\u0430\u0432\u0449\u0438\u043a\u043e\u043c \u0444\u043e\u0440\u0441\u0443\u043d\u043e\u043a \u0438 \u0442\u043e\u043f\u043b\u0438\u0432\u043d\u044b\u0445 \u043d\u0430\u0441\u043e\u0441\u043e\u0432 \u0438\u0437\u0432\u0435\u0441\u0442\u043d\u044b\u0445 \u043c\u0438\u0440\u043e\u0432\u044b\u0445 \u043f\u0440\u043e\u0438\u0437\u0432\u043e\u0434\u0438\u0442\u0435\u043b\u0435\u0439 \u0434\u0438\u0437\u0435\u043b\u044c\u043d\u044b\u0445 \u0434\u0432\u0438\u0433\u0430\u0442\u0435\u043b\u0435\u0439.<\/strong><br \/>\nA.S Wichmann &#8212;&#8212;&#8212;&#8212;&#8212;&#8212;&#8212;&#8212;&#8212;&#8212;&#8212;&#8212;&#8212;&#8212;&#8212;&#8212;&#8212;&#8212;- W\u00e4rtsil\u00e4<br \/>\nAlco Power Inc&#8212;&#8212;&#8212;&#8212;&#8212;&#8212;&#8212;&#8212;&#8212;&#8212;&#8212;&#8212;&#8212;&#8212;&#8212;&#8212;&#8212;&#8212;- Goodrich<br \/>\nAlstom Engines, Mirrlees Blackstone &#8212;&#8212;&#8212;&#8212;&#8212;&#8212;&#8212;&#8212;- MAN Diesel, Mirrlees Blackstone<br \/>\nAlstom Engines, Paxman Division &#8212;&#8212;&#8212;&#8212;&#8212;&#8212;&#8212;&#8212;&#8212;&#8211; MAN Diesel, Paxman<br \/>\nAlstom Engines, Ruston Division &#8212;&#8212;&#8212;&#8212;&#8212;&#8212;&#8212;&#8212;&#8212;&#8212; MAN Diesel, Ruston<br \/>\nBergen Diesel AS &#8212;&#8212;&#8212;&#8212;&#8212;&#8212;&#8212;&#8212;&#8212;&#8212;&#8212;&#8212;&#8212;&#8212;&#8212;\u00a0\u00a0&#8212;&#8211; Rolls-Royce Power Engineering<br \/>\nBlackstone &#8212;&#8212;&#8212;&#8212;&#8212;&#8212;&#8212;&#8212;&#8212;&#8212;&#8212;&#8212;&#8212;&#8212;&#8212;&#8212;&#8212;&#8212;&#8212;- MAN Diesel, Mirrlees Blackstone<br \/>\nBolnes &#8212;&#8212;&#8212;&#8212;&#8212;&#8212;&#8212;&#8212;&#8212;&#8212;&#8212;&#8212;&#8212;&#8212;&#8212;&#8212;&#8212;&#8212;&#8212;&#8212;&#8212;- W\u00e4rtsil\u00e4<br \/>\nBombardier Inc &#8212;&#8212;&#8212;&#8212;&#8212;&#8212;&#8212;&#8212;&#8212;&#8212;&#8212;&#8212;&#8212;&#8212;&#8212;&#8212;&#8212;- Goodrich<br \/>\nBrons &#8212;&#8212;&#8212;&#8212;&#8212;&#8212;&#8212;&#8212;&#8212;&#8212;&#8212;&#8212;&#8212;&#8212;&#8212;&#8212;&#8212;&#8212;&#8212;&#8212;&#8212;&#8211; Waukesha Engine Division<br \/>\nChantiers du Nord et de la M\u00e9diterran\u00e9e &#8212;&#8212;&#8212;&#8212;&#8212;&#8212;- W\u00e4rtsil\u00e4<br \/>\nChantiers Navals de la Ciotat &#8212;&#8212;&#8212;&#8212;&#8212;&#8212;&#8212;&#8212;&#8212;&#8212;&#8212;- W\u00e4rtsil\u00e4<br \/>\nColtec (Alco) &#8212;&#8212;&#8212;&#8212;&#8212;&#8212;&#8212;&#8212;&#8212;&#8212;&#8212;&#8212;&#8212;&#8212;&#8212;&#8212;&#8212;&#8212;&#8211; Goodrich<br \/>\nColtec Industries &#8212;&#8212;&#8212;&#8212;&#8212;&#8212;&#8212;&#8212;&#8212;&#8212;&#8212;&#8212;&#8212;&#8212;&#8212;&#8212;&#8212; Goodrich<br \/>\nCrepelle &amp; Cie &#8212;&#8212;&#8212;&#8212;&#8212;&#8212;&#8212;&#8212;&#8212;&#8212;&#8212;&#8212;&#8212;&#8212;&#8212;&#8212;&#8212;&#8212; W\u00e4rtsil\u00e4<br \/>\nCrossley &#8212;&#8212;&#8212;&#8212;&#8212;&#8212;&#8212;&#8212;&#8212;&#8212;&#8212;&#8212;&#8212;&#8212;&#8212;&#8212;&#8212;&#8212;&#8212;&#8212;- Rolls-Royce Power Engineering<br \/>\nCrossley Premier Engines &#8212;&#8212;&#8212;&#8212;&#8212;&#8212;&#8212;&#8212;&#8212;&#8212;&#8212;&#8212;&#8211; Rolls-Royce Power Engineering<br \/>\nCummins W\u00e4rtsil\u00e4 &#8212;&#8212;&#8212;&#8212;&#8212;&#8212;&#8212;&#8212;&#8212;&#8212;&#8212;&#8212;&#8212;&#8212;&#8212;&#8212; W\u00e4rtsil\u00e4<br \/>\nDavey Paxman &#8212;&#8212;&#8212;&#8212;&#8212;&#8212;&#8212;&#8212;&#8212;&#8212;&#8212;&#8212;&#8212;&#8212;&#8212;&#8212;&#8212;- MAN Diesel, Paxman<br \/>\nDorman Diesels &#8212;&#8212;&#8212;&#8212;&#8212;&#8212;&#8212;&#8212;&#8212;&#8212;&#8212;&#8212;&#8212;&#8212;&#8212;&#8212;&#8212; Perkins Engines<br \/>\nDresser \u2013 Dujardin&#8212;&#8212;&#8212;&#8212;&#8212;&#8212;&#8212;&#8212;&#8212;&#8212;&#8212;&#8212;&#8212;&#8212;&#8212;&#8212; W\u00e4rtsil\u00e4<br \/>\nDuvant &#8212;&#8212;&#8212;&#8212;&#8212;&#8212;&#8212;&#8212;&#8212;&#8212;&#8212;&#8212;&#8212;&#8212;&#8212;&#8212;&#8212;&#8212;&#8212;&#8212;&#8212; W\u00e4rtsil\u00e4<br \/>\nDuvant Crepelle Moteurs Diesel &#8212;&#8212;&#8212;&#8212;&#8212;&#8212;&#8212;&#8212;&#8212;&#8212; W\u00e4rtsil\u00e4<br \/>\nEnglish Electric &#8212;&#8212;&#8212;&#8212;&#8212;&#8212;&#8212;&#8212;&#8212;&#8212;&#8212;&#8212;&#8212;&#8212;&#8212;&#8212;&#8212;- MAN Diesel, Ruston<br \/>\nGEC Alsthom Paxman Diesels &#8212;&#8212;&#8212;&#8212;&#8212;&#8212;&#8212;&#8212;&#8212;&#8212;&#8211; MAN Diesel, Paxman<br \/>\nGEC Alsthom Ruston Diesels &#8212;&#8212;&#8212;&#8212;&#8212;&#8212;&#8212;&#8212;&#8212;&#8212;&#8212; MAN Diesel, Ruston<br \/>\nGeneral Electric Corporation &#8212;&#8212;&#8212;&#8212;&#8212;&#8212;&#8212;&#8212;&#8212;&#8212;&#8212;- GE Transportation Systems<br \/>\nMirrlees Blackstone &#8212;&#8212;&#8212;&#8212;&#8212;&#8212;&#8212;&#8212;&#8212;&#8212;&#8212;&#8212;&#8212;&#8212;&#8212;- MAN Diesel, Mirrlees Blackstone<br \/>\nMirrlees National &#8212;&#8212;&#8212;&#8212;&#8212;&#8212;&#8212;&#8212;&#8212;&#8212;&#8212;&#8212;&#8212;&#8212;&#8212;&#8212;&#8211; MAN Diesel, Mirrlees Blackstone<br \/>\nMirrlees Stamford &#8212;&#8212;&#8212;&#8212;&#8212;&#8212;&#8212;&#8212;&#8212;&#8212;&#8212;&#8212;&#8212;&#8212;&#8212;&#8212; MAN Diesel, Mirrlees Blackstone<br \/>\nMirrlees Stockport &#8212;&#8212;&#8212;&#8212;&#8212;&#8212;&#8212;&#8212;&#8212;&#8212;&#8212;&#8212;&#8212;&#8212;&#8212;\u00a0&#8212; MAN Diesel, Mirrlees Blackstone<br \/>\nMontreal Locomotive Works &#8212;&#8212;&#8212;&#8212;&#8212;&#8212;&#8212;&#8212;&#8212;&#8212;&#8212;- Goodrich<br \/>\nMoteurs Diesel D.L.D. Etablissements &#8212;&#8212;&#8212;&#8212;&#8212;&#8212;&#8212; Duvant, W\u00e4rtsil\u00e4<br \/>\nMotorenbriek Brons De Industrie NV &#8212;&#8212;&#8212;&#8212;&#8212;&#8212;&#8212;&#8211; Waukesha Engine Division<br \/>\nNational Gas &amp; Oil Engine Co &#8212;&#8212;&#8212;&#8212;&#8212;&#8212;&#8212;&#8212;&#8212;&#8212;- MAN Diesel, Mirrlees Blackstone<br \/>\nNEI-APE Bellis &#8212;&#8212;&#8212;&#8212;&#8212;&#8212;&#8212;&#8212;&#8212;&#8212;&#8212;&#8212;&#8212;&#8212;&#8212;&#8212;&#8212; Rolls-Royce Power Engineering<br \/>\nNEI-APE Crossley &#8212;&#8212;&#8212;&#8212;&#8212;&#8212;&#8212;&#8212;&#8212;&#8212;&#8212;&#8212;&#8212;&#8212;&#8212;- Rolls-Royce Power Engineering<br \/>\nNew Sulzer Diesel &#8212;&#8212;&#8212;&#8212;&#8212;&#8212;&#8212;&#8212;&#8212;&#8212;&#8212;&#8212;&#8212;&#8212;&#8212;- W\u00e4rtsil\u00e4<br \/>\nNohab AB &#8212;&#8212;&#8212;&#8212;&#8212;&#8212;&#8212;&#8212;&#8212;&#8212;&#8212;&#8212;&#8212;&#8212;&#8212;&#8212;&#8212;&#8212;&#8212; W\u00e4rtsil\u00e4<br \/>\nPaxman Diesels &#8212;&#8212;&#8212;&#8212;&#8212;&#8212;&#8212;&#8212;&#8212;&#8212;&#8212;&#8212;&#8212;&#8212;&#8212;&#8212;- MAN Diesel, Paxman<br \/>\nPerkins (Dorman) &#8212;&#8212;&#8212;&#8212;&#8212;&#8212;&#8212;&#8212;&#8212;&#8212;&#8212;&#8212;&#8212;&#8212;&#8212;&#8211; Perkins Engines<br \/>\nPerkins Engines (Shrewsbury) &#8212;&#8212;&#8212;&#8212;&#8212;&#8212;&#8212;&#8212;&#8212;&#8212; Perkins Engines<br \/>\nPerkins Group &#8212;&#8212;&#8212;&#8212;&#8212;&#8212;&#8212;&#8212;&#8212;&#8212;&#8212;&#8212;&#8212;&#8212;&#8212;&#8212;&#8212; Perkins Engines<br \/>\nRolls-Royce &#8212;&#8212;&#8212;&#8212;&#8212;&#8212;&#8212;&#8212;&#8212;&#8212;&#8212;&#8212;&#8212;&#8212;&#8212;&#8212;&#8212;&#8212; Perkins Engines (ex Rolls-Royce,Shrewsbury)<br \/>\nRolls-Royce Power Engineering (W H Allen) &#8212;&#8212;&#8212;&#8212; Allen Diesels<br \/>\nRuston Diesels &#8212;&#8212;&#8212;&#8212;&#8212;&#8212;&#8212;&#8212;&#8212;&#8212;&#8212;&#8212;&#8212;&#8212;&#8212;&#8212;&#8211; MAN Diesel, Ruston<br \/>\nStork W\u00e4rtsil\u00e4 Diesel Netherlands &#8212;&#8212;&#8212;&#8212;&#8212;&#8212;&#8212;&#8212;- W\u00e4rtsil\u00e4<br \/>\nSulzer &#8212;&#8212;&#8212;&#8212;&#8212;&#8212;&#8212;&#8212;&#8212;&#8212;&#8212;&#8212;&#8212;&#8212;&#8212;&#8212;&#8212;&#8212;&#8212;&#8212;- W\u00e4rtsil\u00e4<br \/>\nUlstein Bergen &#8212;&#8212;&#8212;&#8212;&#8212;&#8212;&#8212;&#8212;&#8212;&#8212;&#8212;&#8212;&#8212;&#8212;&#8212;&#8212;&#8211; Rolls-Royce Power Engineering<br \/>\nVarity Perkins &#8212;&#8212;&#8212;&#8212;&#8212;&#8212;&#8212;&#8212;&#8212;&#8212;&#8212;&#8212;&#8212;&#8212;&#8212;&#8212;&#8212; Perkins Engines<br \/>\nW H Allen &#8212;&#8212;&#8212;&#8212;&#8212;&#8212;&#8212;&#8212;&#8212;&#8212;&#8212;&#8212;&#8212;&#8212;&#8212;&#8212;&#8212;&#8212;&#8211; Allen Diesels<br \/>\nW\u00e4rtsil\u00e4 (Duvant Crepelle) &#8212;&#8212;&#8212;&#8212;&#8212;&#8212;&#8212;&#8212;-\u00a0&#8212;&#8212;&#8211; W\u00e4rtsil\u00e4<\/p>\n<ul>\n<li><a id=\"dfile5\" href=\"http:\/\/velesgroup.kiev.ua\/wp-content\/uploads\/2012\/05\/\u041a\u0430\u0442\u0430\u043b\u043e\u0433-\u043f\u043e\u0442\u0440\u0435\u0431\u0438\u0442\u0435\u043b\u0435\u0439-\u0441\u0438\u0441\u0442\u0435\u043c-\u0432\u043f\u0440\u044b\u0441\u043a\u0430-Woodward-\u0430\u043d\u0433\u043b..pdf\"><img id=\"f_f5\" src=\"http:\/\/rtd-universal.com\/templates\/rtd1_theme\/images\/files\/f_pdf.png\" alt=\"\" \/><\/a><span style=\"color: #3366ff;\"><span style=\"color: #3366ff;\"><a href=\"http:\/\/velesgroup.kiev.ua\/wp-content\/uploads\/2012\/05\/\u041a\u0430\u0442\u0430\u043b\u043e\u0433-\u043f\u043e\u0442\u0440\u0435\u0431\u0438\u0442\u0435\u043b\u0435\u0439-\u0441\u0438\u0441\u0442\u0435\u043c-\u0432\u043f\u0440\u044b\u0441\u043a\u0430-Woodward-\u0430\u043d\u0433\u043b..pdf\">\u041a\u0430\u0442\u0430\u043b\u043e\u0433 \u043f\u043e\u0442\u0440\u0435\u0431\u0438\u0442\u0435\u043b\u0435\u0439 \u0441\u0438\u0441\u0442\u0435\u043c \u0432\u043f\u0440\u044b\u0441\u043a\u0430 Woodward (\u0430\u043d\u0433\u043b.)<\/a><\/span><\/span>\u00a0(pdf. &#8211; 1.11 M\u0431)<\/li>\n<li><a href=\"http:\/\/velesgroup.kiev.ua\/wp-content\/uploads\/2012\/05\/\u041e\u0431\u0437\u043e\u0440-\u0441\u0438\u0441\u0442\u0435\u043c-\u0432\u043f\u0440\u044b\u0441\u043a\u0430-Woodward-\u0430\u043d\u0433\u043b..pdf\"><img id=\"f_f5\" src=\"http:\/\/rtd-universal.com\/templates\/rtd1_theme\/images\/files\/f_pdf.png\" alt=\"\" \/><\/a><span style=\"color: #3366ff;\"><span style=\"color: #3366ff;\"><a href=\"http:\/\/velesgroup.kiev.ua\/wp-content\/uploads\/2012\/05\/\u041e\u0431\u0437\u043e\u0440-\u0441\u0438\u0441\u0442\u0435\u043c-\u0432\u043f\u0440\u044b\u0441\u043a\u0430-Woodward-\u0430\u043d\u0433\u043b..pdf\">\u041e\u0431\u0437\u043e\u0440 \u0441\u0438\u0441\u0442\u0435\u043c \u0432\u043f\u0440\u044b\u0441\u043a\u0430 Woodward (\u0430\u043d\u0433\u043b.)<\/a><\/span><\/span>\u00a0(pdf. &#8211; 5.41 M\u0431)<\/li>\n<li><a href=\"http:\/\/velesgroup.kiev.ua\/wp-content\/uploads\/2012\/05\/P_N-\u0422\u041d\u0412\u0414-\u0438-\u0444\u043e\u0440\u0441\u0443\u043d\u043e\u043a-Woodward-\u0430\u043d\u0433\u043b..pdf\"><img id=\"f_f5\" src=\"http:\/\/rtd-universal.com\/templates\/rtd1_theme\/images\/files\/f_pdf.png\" alt=\"\" \/><\/a><span style=\"color: #3366ff;\"><span style=\"color: #3366ff;\"><a href=\"http:\/\/velesgroup.kiev.ua\/wp-content\/uploads\/2012\/05\/P_N-\u0422\u041d\u0412\u0414-\u0438-\u0444\u043e\u0440\u0441\u0443\u043d\u043e\u043a-Woodward-\u0430\u043d\u0433\u043b..pdf\">P_N \u0422\u041d\u0412\u0414 \u0438 \u0444\u043e\u0440\u0441\u0443\u043d\u043e\u043a Woodward (\u0430\u043d\u0433\u043b.)<\/a><\/span><\/span>\u00a0(pdf. &#8211; 152 K\u0431)<\/li>\n<li><a href=\"http:\/\/velesgroup.kiev.ua\/wp-content\/uploads\/2012\/05\/\u041a\u0430\u0442\u0430\u043b\u043e\u0433-\u0441\u0438\u0441\u0442\u0435\u043c-\u0432\u043f\u0440\u044b\u0441\u043a\u0430-Woodward-\u0430\u043d\u0433\u043b..pdf\"><img id=\"f_f5\" src=\"http:\/\/rtd-universal.com\/templates\/rtd1_theme\/images\/files\/f_pdf.png\" alt=\"\" \/><\/a><span style=\"color: #3366ff;\"><span style=\"color: #3366ff;\"><a href=\"http:\/\/velesgroup.kiev.ua\/wp-content\/uploads\/2012\/05\/\u041a\u0430\u0442\u0430\u043b\u043e\u0433-\u0441\u0438\u0441\u0442\u0435\u043c-\u0432\u043f\u0440\u044b\u0441\u043a\u0430-Woodward-\u0430\u043d\u0433\u043b..pdf\">\u041a\u0430\u0442\u0430\u043b\u043e\u0433 \u0441\u0438\u0441\u0442\u0435\u043c \u0432\u043f\u0440\u044b\u0441\u043a\u0430 Woodward (\u0430\u043d\u0433\u043b.)<\/a><\/span><\/span>\u00a0(pdf. &#8211; 200 K\u0431)<\/li>\n<li><a href=\"http:\/\/velesgroup.kiev.ua\/wp-content\/uploads\/2012\/05\/\u0420\u0443\u043a\u043e\u0432\u043e\u0434\u0441\u0442\u0432\u043e-\u043f\u043e-\u044d\u043a\u0441\u043f\u043b\u0443\u0430\u0442\u0430\u0446\u0438\u0438-\u0422\u041d\u0412\u0414-\u0438-\u0444\u043e\u0440\u0441\u0443\u043d\u043e\u043a-Woodward-\u0430\u043d\u0433\u043b..pdf\"><img id=\"f_f5\" src=\"http:\/\/rtd-universal.com\/templates\/rtd1_theme\/images\/files\/f_pdf.png\" alt=\"\" \/><\/a><span style=\"color: #3366ff;\"><span style=\"color: #3366ff;\"><a href=\"http:\/\/velesgroup.kiev.ua\/wp-content\/uploads\/2012\/05\/\u0420\u0443\u043a\u043e\u0432\u043e\u0434\u0441\u0442\u0432\u043e-\u043f\u043e-\u044d\u043a\u0441\u043f\u043b\u0443\u0430\u0442\u0430\u0446\u0438\u0438-\u0422\u041d\u0412\u0414-\u0438-\u0444\u043e\u0440\u0441\u0443\u043d\u043e\u043a-Woodward-\u0430\u043d\u0433\u043b..pdf\">\u0420\u0443\u043a\u043e\u0432\u043e\u0434\u0441\u0442\u0432\u043e \u043f\u043e \u044d\u043a\u0441\u043f\u043b\u0443\u0430\u0442\u0430\u0446\u0438\u0438 \u0422\u041d\u0412\u0414 \u0438 \u0444\u043e\u0440\u0441\u0443\u043d\u043e\u043a Woodward (\u0430\u043d\u0433\u043b.)<\/a><\/span><\/span>\u00a0(pdf. &#8211; 200 K\u0431)<\/li>\n<\/ul>\n<p>&nbsp;<\/p>\n<p>&nbsp;<\/p>\n","protected":false},"excerpt":{"rendered":"<p>\u0424\u043e\u0440\u0441\u0443\u043d\u043a\u0438 \u0422\u043e\u043f\u043b\u0438\u0432\u043d\u044b\u0435 \u043d\u0430\u0441\u043e\u0441\u044b \u0432\u044b\u0441\u043e\u043a\u043e\u0433\u043e \u0434\u0430\u0432\u043b\u0435\u043d\u0438\u044f (\u0422\u041d\u0412\u0414)\u00a0 \u041a\u043e\u043c\u043f\u0430\u043d\u0438\u044f Woodward \u044f\u0432\u043b\u044f\u0435\u0442\u0441\u044f \u043e\u0441\u043d\u043e\u0432\u043d\u044b\u043c \u043f\u043e\u0441\u0442\u0430\u0432\u0449\u0438\u043a\u043e\u043c \u0444\u043e\u0440\u0441\u0443\u043d\u043e\u043a \u0438 \u0442\u043e\u043f\u043b\u0438\u0432\u043d\u044b\u0445 \u043d\u0430\u0441\u043e\u0441\u043e\u0432 \u0438\u0437\u0432\u0435\u0441\u0442\u043d\u044b\u0445 \u043c\u0438\u0440\u043e\u0432\u044b\u0445 \u043f\u0440\u043e\u0438\u0437\u0432\u043e\u0434\u0438\u0442\u0435\u043b\u0435\u0439 \u0434\u0438\u0437\u0435\u043b\u044c\u043d\u044b\u0445 \u0434\u0432\u0438\u0433\u0430\u0442\u0435\u043b\u0435\u0439. A.S Wichmann &#8212;&#8212;&#8212;&#8212;&#8212;&#8212;&#8212;&#8212;&#8212;&#8212;&#8212;&#8212;&#8212;&#8212;&#8212;&#8212;&#8212;&#8212;- W\u00e4rtsil\u00e4 Alco Power Inc&#8212;&#8212;&#8212;&#8212;&#8212;&#8212;&#8212;&#8212;&#8212;&#8212;&#8212;&#8212;&#8212;&#8212;&#8212;&#8212;&#8212;&#8212;- Goodrich Alstom Engines, Mirrlees Blackstone &#8212;&#8212;&#8212;&#8212;&#8212;&#8212;&#8212;&#8212;- MAN Diesel, Mirrlees Blackstone Alstom Engines, Paxman &hellip; <a href=\"https:\/\/velesgroup.kiev.ua\/?page_id=330&#038;lang=ru\">Continue reading <span class=\"meta-nav\">&rarr;<\/span><\/a><\/p>\n","protected":false},"author":1,"featured_media":0,"parent":300,"menu_order":0,"comment_status":"closed","ping_status":"closed","template":"sidebar-page.php","meta":[],"_links":{"self":[{"href":"https:\/\/velesgroup.kiev.ua\/index.php?rest_route=\/wp\/v2\/pages\/330"}],"collection":[{"href":"https:\/\/velesgroup.kiev.ua\/index.php?rest_route=\/wp\/v2\/pages"}],"about":[{"href":"https:\/\/velesgroup.kiev.ua\/index.php?rest_route=\/wp\/v2\/types\/page"}],"author":[{"embeddable":true,"href":"https:\/\/velesgroup.kiev.ua\/index.php?rest_route=\/wp\/v2\/users\/1"}],"replies":[{"embeddable":true,"href":"https:\/\/velesgroup.kiev.ua\/index.php?rest_route=%2Fwp%2Fv2%2Fcomments&post=330"}],"version-history":[{"count":11,"href":"https:\/\/velesgroup.kiev.ua\/index.php?rest_route=\/wp\/v2\/pages\/330\/revisions"}],"predecessor-version":[{"id":874,"href":"https:\/\/velesgroup.kiev.ua\/index.php?rest_route=\/wp\/v2\/pages\/330\/revisions\/874"}],"up":[{"embeddable":true,"href":"https:\/\/velesgroup.kiev.ua\/index.php?rest_route=\/wp\/v2\/pages\/300"}],"wp:attachment":[{"href":"https:\/\/velesgroup.kiev.ua\/index.php?rest_route=%2Fwp%2Fv2%2Fmedia&parent=330"}],"curies":[{"name":"wp","href":"https:\/\/api.w.org\/{rel}","templated":true}]}}